{"id":1061,"date":"2023-12-14T13:19:48","date_gmt":"2023-12-14T12:19:48","guid":{"rendered":"https:\/\/comptfait.fr\/?page_id=1061"},"modified":"2025-10-07T18:30:02","modified_gmt":"2025-10-07T16:30:02","slug":"nous-pouvons-le-faire","status":"publish","type":"page","link":"https:\/\/comptfait.fr\/index.php\/nous-pouvons-le-faire\/","title":{"rendered":"Nous pouvons le faire"},"content":{"rendered":"<style>.elementor-1061 .elementor-element.elementor-element-0dc5a15 > .elementor-background-overlay{background-image:url(\"https:\/\/comptfait.fr\/wp-content\/uploads\/2023\/12\/bg-gradient-blur-v3.png\");background-position:center center;background-repeat:no-repeat;background-size:cover;opacity:1;transition:background 0.3s, border-radius 0.3s, opacity 0.3s;}.elementor-1061 .elementor-element.elementor-element-0dc5a15{transition:background 0.3s, border 0.3s, border-radius 0.3s, box-shadow 0.3s;margin-top:0px;margin-bottom:0px;padding:9em 0em 0em 0em;}.elementor-1061 .elementor-element.elementor-element-92e96ef > .elementor-container{max-width:1600px;}.elementor-1061 .elementor-element.elementor-element-92e96ef{margin-top:42px;margin-bottom:0px;}.elementor-1061 .elementor-element.elementor-element-5c47318{text-align:center;}.elementor-1061 .elementor-element.elementor-element-5c47318 .elementor-heading-title{font-size:56px;}.elementor-1061 .elementor-element.elementor-element-45300ba{text-align:center;width:var( --container-widget-width, 99.699% );max-width:99.699%;--container-widget-width:99.699%;--container-widget-flex-grow:0;}.elementor-1061 .elementor-element.elementor-element-45300ba.elementor-element{--flex-grow:0;--flex-shrink:0;}.elementor-1061 .elementor-element.elementor-element-c57c815{margin-top:0px;margin-bottom:0px;}.elementor-1061 .elementor-element.elementor-element-76c7b54:not(.elementor-motion-effects-element-type-background) > .elementor-widget-wrap, .elementor-1061 .elementor-element.elementor-element-76c7b54 > .elementor-widget-wrap > .elementor-motion-effects-container > .elementor-motion-effects-layer{background-color:var( --e-global-color-bfca241 );}.elementor-1061 .elementor-element.elementor-element-76c7b54 > .elementor-element-populated{border-style:solid;border-width:1px 1px 10px 1px;border-color:#FF3700;box-shadow:0px 20px 50px 0px rgba(61.999999999999815, 54.99999999999995, 177.99999999999994, 0.11);transition:background 0.3s, border 0.3s, border-radius 0.3s, box-shadow 0.3s;margin:4% 4% 4% 4%;--e-column-margin-right:4%;--e-column-margin-left:4%;padding:2em 2.5em 2em 2.5em;}.elementor-1061 .elementor-element.elementor-element-76c7b54 > .elementor-element-populated, .elementor-1061 .elementor-element.elementor-element-76c7b54 > .elementor-element-populated > .elementor-background-overlay, .elementor-1061 .elementor-element.elementor-element-76c7b54 > .elementor-background-slideshow{border-radius:24px 24px 24px 24px;}.elementor-1061 .elementor-element.elementor-element-76c7b54 > .elementor-element-populated > .elementor-background-overlay{transition:background 0.3s, border-radius 0.3s, opacity 0.3s;}.elementor-1061 .elementor-element.elementor-element-f2a4b08{z-index:100;}.elementor-1061 .elementor-element.elementor-element-0e58afd{--spacer-size:10px;}.elementor-1061 .elementor-element.elementor-element-99d52b3{--display:flex;}.elementor-1061 .elementor-element.elementor-element-1d6a638{text-align:center;width:var( --container-widget-width, 99.699% );max-width:99.699%;--container-widget-width:99.699%;--container-widget-flex-grow:0;}.elementor-1061 .elementor-element.elementor-element-1d6a638.elementor-element{--flex-grow:0;--flex-shrink:0;}.elementor-1061 .elementor-element.elementor-element-1ed6e6b .elementor-icon-list-icon i{color:var( --e-global-color-accent );transition:color 0.3s;}.elementor-1061 .elementor-element.elementor-element-1ed6e6b .elementor-icon-list-icon svg{fill:var( --e-global-color-accent );transition:fill 0.3s;}.elementor-1061 .elementor-element.elementor-element-1ed6e6b{--e-icon-list-icon-size:20px;--icon-vertical-offset:0px;}.elementor-1061 .elementor-element.elementor-element-1ed6e6b .elementor-icon-list-text{transition:color 0.3s;}:root{--page-title-display:none;}@media(max-width:1024px) and (min-width:768px){.elementor-1061 .elementor-element.elementor-element-76c7b54{width:100%;}}@media(max-width:1024px){.elementor-1061 .elementor-element.elementor-element-0dc5a15{padding:5em 7em 3em 7em;}.elementor-1061 .elementor-element.elementor-element-76c7b54 > .elementor-element-populated, .elementor-1061 .elementor-element.elementor-element-76c7b54 > .elementor-element-populated > .elementor-background-overlay, .elementor-1061 .elementor-element.elementor-element-76c7b54 > .elementor-background-slideshow{border-radius:16px 16px 16px 16px;}.elementor-1061 .elementor-element.elementor-element-76c7b54 > .elementor-element-populated{margin:0em 0em 2em 0em;--e-column-margin-right:0em;--e-column-margin-left:0em;}}@media(max-width:767px){.elementor-1061 .elementor-element.elementor-element-0dc5a15{padding:10em 1.5em 4em 1.5em;}.elementor-1061 .elementor-element.elementor-element-660a752 > .elementor-element-populated{margin:-28px 0px 0px 0px;--e-column-margin-right:0px;--e-column-margin-left:0px;}.elementor-1061 .elementor-element.elementor-element-5c47318 .elementor-heading-title{font-size:35px;}.elementor-1061 .elementor-element.elementor-element-76c7b54 > .elementor-element-populated{margin:0em 0em 2em 0em;--e-column-margin-right:0em;--e-column-margin-left:0em;padding:2em 2em 2em 2em;}}@media(min-width:1025px){.elementor-1061 .elementor-element.elementor-element-0dc5a15 > .elementor-background-overlay{background-attachment:scroll;}}\/* Start custom CSS for shortcode, class: .elementor-element-f2a4b08 *\/\/* Cache le texte '(obligatoire)' ou '(required)' *\/\n.gform_wrapper .gfield_required {\n    visibility: hidden;\n    position: relative;\n}\n\n\/* Affiche uniquement l'ast\u00e9risque *\/\n.gform_wrapper .gfield_required::after {\n    content: \"*\";\n    visibility: visible;\n    position: absolute;\n    left: 0;\n    top: 0;\n}\n\n\/* Taille de police des libell\u00e9s des champs *\/\n.gform_wrapper .gfield_label {\n    font-size: 20px; \/* Taille ajust\u00e9e \u00e0 20px *\/\n}\n\n\/* Taille de police et style des libell\u00e9s des champs de section *\/\n.gform_wrapper .gsection .gsection_label {\n    font-size: 25px; \/* Taille ajust\u00e9e \u00e0 25px *\/\n    text-decoration: none; \/* Supprime le soulignement *\/\n}\n\n\/* Style du bouton dans le HTML *\/\n.btn {\n    background-color: white; \/* Fond blanc pour le bouton *\/\n    color: #1D174D; \/* Texte en couleur #1D174D *\/\n    padding: 10px 20px;\n    text-decoration: none; \/* Supprime tout soulignement du texte *\/\n    border-radius: 25px; \/* Bords arrondis pour le bouton *\/\n    border: 1px solid #1D174D;\n    display: inline-block;\n    transition: transform 0.3s; \/* Animation au survol *\/\n}\n\n.btn:hover, .btn:focus, .btn:active {\n    text-decoration: none; \/* Assure qu'il n'y a pas de soulignement au survol *\/\n    transform: scale(1.05); \/* Effet de zoom au survol *\/\n    cursor: pointer;\n}\n\/* Modifier la taille de la police des titres de section *\/\n.gform_wrapper .gsection .gsection_title {\n    font-size: 25px; \/* Taille de la police *\/\n}\n\n\/* Supprimer l'espace apr\u00e8s le titre de section *\/\n.gform_wrapper .gsection {\n    margin-bottom: 0; \/* R\u00e9duire l'espace apr\u00e8s la section *\/\n}\/* End custom CSS *\/<\/style>\t\t<div data-elementor-type=\"wp-page\" data-elementor-id=\"1061\" class=\"elementor elementor-1061\" data-elementor-post-type=\"page\">\n\t\t\t\t\t\t<section class=\"elementor-section elementor-top-section elementor-element elementor-element-0dc5a15 elementor-section-boxed elementor-section-height-default elementor-section-height-default\" data-id=\"0dc5a15\" data-element_type=\"section\" data-e-type=\"section\" data-settings=\"{&quot;background_background&quot;:&quot;classic&quot;,&quot;animation&quot;:&quot;none&quot;}\">\n\t\t\t\t\t\t\t<div class=\"elementor-background-overlay\"><\/div>\n\t\t\t\t\t\t\t<div class=\"elementor-container elementor-column-gap-no\">\n\t\t\t\t\t<div class=\"elementor-column elementor-col-100 elementor-top-column elementor-element elementor-element-44a0b84\" data-id=\"44a0b84\" data-element_type=\"column\" data-e-type=\"column\">\n\t\t\t<div class=\"elementor-widget-wrap elementor-element-populated\">\n\t\t\t\t\t\t<section class=\"elementor-section elementor-inner-section elementor-element elementor-element-92e96ef elementor-section-boxed elementor-section-height-default elementor-section-height-default\" data-id=\"92e96ef\" data-element_type=\"section\" data-e-type=\"section\">\n\t\t\t\t\t\t<div class=\"elementor-container elementor-column-gap-no\">\n\t\t\t\t\t<div class=\"elementor-column elementor-col-100 elementor-inner-column elementor-element elementor-element-660a752\" data-id=\"660a752\" data-element_type=\"column\" data-e-type=\"column\">\n\t\t\t<div class=\"elementor-widget-wrap elementor-element-populated\">\n\t\t\t\t\t\t<div class=\"elementor-element elementor-element-5c47318 elementor-widget elementor-widget-heading\" data-id=\"5c47318\" data-element_type=\"widget\" data-e-type=\"widget\" data-widget_type=\"heading.default\">\n\t\t\t\t<div class=\"elementor-widget-container\">\n\t\t\t\t\t<h3 class=\"elementor-heading-title elementor-size-default\">Formule Pro <br>\"Nous pouvons le faire en 24h\"<\/h3>\t\t\t\t<\/div>\n\t\t\t\t<\/div>\n\t\t\t\t<div class=\"elementor-element elementor-element-45300ba elementor-widget__width-initial elementor-widget elementor-widget-text-editor\" data-id=\"45300ba\" data-element_type=\"widget\" data-e-type=\"widget\" data-widget_type=\"text-editor.default\">\n\t\t\t\t<div class=\"elementor-widget-container\">\n\t\t\t\t\t\t\t\t\t<p>Vous avez optez pour la formule pro \u00e0 99,90 \u20ac TTC (83,25 HT\u20ac)<\/p>\t\t\t\t\t\t\t\t<\/div>\n\t\t\t\t<\/div>\n\t\t\t\t<section class=\"elementor-section elementor-inner-section elementor-element elementor-element-c57c815 elementor-section-boxed elementor-section-height-default elementor-section-height-default\" data-id=\"c57c815\" data-element_type=\"section\" data-e-type=\"section\">\n\t\t\t\t\t\t<div class=\"elementor-container elementor-column-gap-default\">\n\t\t\t\t\t<div class=\"elementor-column elementor-col-100 elementor-inner-column elementor-element elementor-element-76c7b54\" data-id=\"76c7b54\" data-element_type=\"column\" data-e-type=\"column\" data-settings=\"{&quot;background_background&quot;:&quot;classic&quot;,&quot;animation&quot;:&quot;none&quot;}\">\n\t\t\t<div class=\"elementor-widget-wrap elementor-element-populated\">\n\t\t\t\t\t\t<div class=\"elementor-element elementor-element-f2a4b08 elementor-widget elementor-widget-shortcode\" data-id=\"f2a4b08\" data-element_type=\"widget\" data-e-type=\"widget\" data-widget_type=\"shortcode.default\">\n\t\t\t\t<div class=\"elementor-widget-container\">\n\t\t\t\t\t\t\t<div class=\"elementor-shortcode\"><iframe data-tally-src=\"https:\/\/tally.so\/embed\/w4e9ar?alignLeft=1&hideTitle=1&transparentBackground=1&dynamicHeight=1\" loading=\"lazy\" width=\"100%\" height=\"1\" frameborder=\"0\" marginheight=\"0\" marginwidth=\"0\" title=\"Votre demande de pr\u00e9 \u00e9tat dat\u00e9\"><\/iframe>\n<script>var d=document,w=\"https:\/\/tally.so\/widgets\/embed.js\",v=function(){\"undefined\"!=typeof Tally?Tally.loadEmbeds():d.querySelectorAll(\"iframe[data-tally-src]:not([src])\").forEach((function(e){e.src=e.dataset.tallySrc}))};if(\"undefined\"!=typeof Tally)v();else if(d.querySelector('script[src=\"'+w+'\"]')==null){var s=d.createElement(\"script\");s.src=w,s.onload=v,s.onerror=v,d.body.appendChild(s);}<\/script><\/div>\n\t\t\t\t\t\t<\/div>\n\t\t\t\t<\/div>\n\t\t\t\t\t<\/div>\n\t\t<\/div>\n\t\t\t\t\t<\/div>\n\t\t<\/section>\n\t\t\t\t\t<\/div>\n\t\t<\/div>\n\t\t\t\t\t<\/div>\n\t\t<\/section>\n\t\t\t\t<div class=\"elementor-element elementor-element-0e58afd elementor-widget elementor-widget-spacer\" data-id=\"0e58afd\" data-element_type=\"widget\" data-e-type=\"widget\" data-widget_type=\"spacer.default\">\n\t\t\t\t<div class=\"elementor-widget-container\">\n\t\t\t\t\t\t\t<div class=\"elementor-spacer\">\n\t\t\t<div class=\"elementor-spacer-inner\"><\/div>\n\t\t<\/div>\n\t\t\t\t\t\t<\/div>\n\t\t\t\t<\/div>\n\t\t\t\t\t<\/div>\n\t\t<\/div>\n\t\t\t\t\t<\/div>\n\t\t<\/section>\n\t\t<div class=\"elementor-element elementor-element-99d52b3 e-flex e-con-boxed e-con e-parent\" data-id=\"99d52b3\" data-element_type=\"container\" data-e-type=\"container\">\n\t\t\t\t\t<div class=\"e-con-inner\">\n\t\t\t\t<div class=\"elementor-element elementor-element-1d6a638 elementor-widget__width-initial elementor-widget elementor-widget-text-editor\" data-id=\"1d6a638\" data-element_type=\"widget\" data-e-type=\"widget\" data-widget_type=\"text-editor.default\">\n\t\t\t\t<div class=\"elementor-widget-container\">\n\t\t\t\t\t\t\t\t\t<p><span style=\"color: var( --e-global-color-text ); font-family: var( --e-global-typography-text-font-family ), Sans-serif; font-size: var( --e-global-typography-text-font-size ); background-color: var( --e-global-color-primary );\">Pour un service optimal, apr\u00e8s avoir renseign\u00e9 votre adresse mail \u00e0 l\u2019\u00e9tape 1 accessible ci\u00a0dessous :<\/span><\/p><p>Nous vous recommandons de nous fournir l\u2019acc\u00e8s \u00e0 votre extranet de copropri\u00e9t\u00e9<\/p><p><strong>OU<\/strong><\/p><p>Vous pouvez t\u00e9l\u00e9charger les documents n\u00e9cessaires<\/p><p>Suite \u00e0 la finalisation de votre commande, vous recevrez votre pr\u00e9-\u00e9tat dat\u00e9 par e-mail sous 24\u00a0heures, sous condition d\u2019avoir r\u00e9ceptionn\u00e9 toutes les pi\u00e8ces justificatives.<\/p><p><strong>S\u00e9curit\u00e9 de vos donn\u00e9es<\/strong> : Si vous choisissez de nous confier l\u2019acc\u00e8s \u00e0 votre extranet de\u00a0copropri\u00e9t\u00e9, il est crucial de modifier votre mot de passe une fois que vous aurez re\u00e7u votre\u00a0pr\u00e9-\u00e9tat dat\u00e9. Cette \u00e9tape est essentielle pour garantir la s\u00e9curit\u00e9 de vos informations\u00a0personnelles.<\/p><p>Veuillez noter que les informations que vous fournissez sont enregistr\u00e9es sur notre serveur telles\u00a0que vous les avez saisies.<\/p><p style=\"text-align: left;\">Pour ce faire vous avez besoin de :<\/p>\t\t\t\t\t\t\t\t<\/div>\n\t\t\t\t<\/div>\n\t\t\t\t<div class=\"elementor-element elementor-element-1ed6e6b elementor-align-start elementor-icon-list--layout-traditional elementor-list-item-link-full_width elementor-widget elementor-widget-icon-list\" data-id=\"1ed6e6b\" data-element_type=\"widget\" data-e-type=\"widget\" data-widget_type=\"icon-list.default\">\n\t\t\t\t<div class=\"elementor-widget-container\">\n\t\t\t\t\t\t\t<ul class=\"elementor-icon-list-items\">\n\t\t\t\t\t\t\t<li class=\"elementor-icon-list-item\">\n\t\t\t\t\t\t\t\t\t\t\t<span class=\"elementor-icon-list-icon\">\n\t\t\t\t\t\t\t<svg aria-hidden=\"true\" class=\"e-font-icon-svg e-fas-check\" viewBox=\"0 0 512 512\" xmlns=\"http:\/\/www.w3.org\/2000\/svg\"><path d=\"M173.898 439.404l-166.4-166.4c-9.997-9.997-9.997-26.206 0-36.204l36.203-36.204c9.997-9.998 26.207-9.998 36.204 0L192 312.69 432.095 72.596c9.997-9.997 26.207-9.997 36.204 0l36.203 36.204c9.997 9.997 9.997 26.206 0 36.204l-294.4 294.401c-9.998 9.997-26.207 9.997-36.204-.001z\"><\/path><\/svg>\t\t\t\t\t\t<\/span>\n\t\t\t\t\t\t\t\t\t\t<span class=\"elementor-icon-list-text\">Le dernier appel de charges de copropri\u00e9t\u00e9 trimestriel<\/span>\n\t\t\t\t\t\t\t\t\t<\/li>\n\t\t\t\t\t\t\t\t<li class=\"elementor-icon-list-item\">\n\t\t\t\t\t\t\t\t\t\t\t<span class=\"elementor-icon-list-icon\">\n\t\t\t\t\t\t\t<svg aria-hidden=\"true\" class=\"e-font-icon-svg e-fas-check\" viewBox=\"0 0 512 512\" xmlns=\"http:\/\/www.w3.org\/2000\/svg\"><path d=\"M173.898 439.404l-166.4-166.4c-9.997-9.997-9.997-26.206 0-36.204l36.203-36.204c9.997-9.998 26.207-9.998 36.204 0L192 312.69 432.095 72.596c9.997-9.997 26.207-9.997 36.204 0l36.203 36.204c9.997 9.997 9.997 26.206 0 36.204l-294.4 294.401c-9.998 9.997-26.207 9.997-36.204-.001z\"><\/path><\/svg>\t\t\t\t\t\t<\/span>\n\t\t\t\t\t\t\t\t\t\t<span class=\"elementor-icon-list-text\">Les 2 derni\u00e8res convocations aux assembl\u00e9es g\u00e9n\u00e9rales avec annexes comptables<\/span>\n\t\t\t\t\t\t\t\t\t<\/li>\n\t\t\t\t\t\t\t\t<li class=\"elementor-icon-list-item\">\n\t\t\t\t\t\t\t\t\t\t\t<span class=\"elementor-icon-list-icon\">\n\t\t\t\t\t\t\t<svg aria-hidden=\"true\" class=\"e-font-icon-svg e-fas-check\" viewBox=\"0 0 512 512\" xmlns=\"http:\/\/www.w3.org\/2000\/svg\"><path d=\"M173.898 439.404l-166.4-166.4c-9.997-9.997-9.997-26.206 0-36.204l36.203-36.204c9.997-9.998 26.207-9.998 36.204 0L192 312.69 432.095 72.596c9.997-9.997 26.207-9.997 36.204 0l36.203 36.204c9.997 9.997 9.997 26.206 0 36.204l-294.4 294.401c-9.998 9.997-26.207 9.997-36.204-.001z\"><\/path><\/svg>\t\t\t\t\t\t<\/span>\n\t\t\t\t\t\t\t\t\t\t<span class=\"elementor-icon-list-text\">Les 2 derniers r\u00e9gularisation\/d\u00e9compte de charges individuels<\/span>\n\t\t\t\t\t\t\t\t\t<\/li>\n\t\t\t\t\t\t\t\t<li class=\"elementor-icon-list-item\">\n\t\t\t\t\t\t\t\t\t\t\t<span class=\"elementor-icon-list-icon\">\n\t\t\t\t\t\t\t<svg aria-hidden=\"true\" class=\"e-font-icon-svg e-fas-check\" viewBox=\"0 0 512 512\" xmlns=\"http:\/\/www.w3.org\/2000\/svg\"><path d=\"M173.898 439.404l-166.4-166.4c-9.997-9.997-9.997-26.206 0-36.204l36.203-36.204c9.997-9.998 26.207-9.998 36.204 0L192 312.69 432.095 72.596c9.997-9.997 26.207-9.997 36.204 0l36.203 36.204c9.997 9.997 9.997 26.206 0 36.204l-294.4 294.401c-9.998 9.997-26.207 9.997-36.204-.001z\"><\/path><\/svg>\t\t\t\t\t\t<\/span>\n\t\t\t\t\t\t\t\t\t\t<span class=\"elementor-icon-list-text\">Les proc\u00e8s verbaux des 3 derni\u00e8res ann\u00e9es<\/span>\n\t\t\t\t\t\t\t\t\t<\/li>\n\t\t\t\t\t\t<\/ul>\n\t\t\t\t\t\t<\/div>\n\t\t\t\t<\/div>\n\t\t\t\t\t<\/div>\n\t\t\t\t<\/div>\n\t\t\t\t<\/div>\n\t\t","protected":false},"excerpt":{"rendered":"<p>Formule Pro \u00ab\u00a0Nous pouvons le faire en 24h\u00a0\u00bb Vous avez optez pour la formule pro \u00e0 99,90 \u20ac TTC (83,25 HT\u20ac) Pour un service optimal, apr\u00e8s avoir renseign\u00e9 votre adresse mail \u00e0 l\u2019\u00e9tape 1 accessible ci\u00a0dessous : Nous vous recommandons de nous fournir l\u2019acc\u00e8s \u00e0 votre extranet de copropri\u00e9t\u00e9 OU Vous pouvez t\u00e9l\u00e9charger les documents [&hellip;]<\/p>\n","protected":false},"author":3,"featured_media":0,"parent":0,"menu_order":0,"comment_status":"closed","ping_status":"closed","template":"","meta":{"footnotes":""},"class_list":["post-1061","page","type-page","status-publish","hentry"],"yoast_head":"<!-- This site is optimized with the Yoast SEO plugin v27.4 - https:\/\/yoast.com\/product\/yoast-seo-wordpress\/ -->\n<title>Nous pouvons le faire - Compt&#039;fait<\/title>\n<meta name=\"robots\" content=\"index, follow, max-snippet:-1, max-image-preview:large, max-video-preview:-1\" \/>\n<link rel=\"canonical\" href=\"https:\/\/comptfait.fr\/index.php\/nous-pouvons-le-faire\/\" \/>\n<meta property=\"og:locale\" content=\"fr_FR\" \/>\n<meta property=\"og:type\" content=\"article\" \/>\n<meta property=\"og:title\" content=\"Nous pouvons le faire - Compt&#039;fait\" \/>\n<meta property=\"og:description\" content=\"Formule Pro \u00ab\u00a0Nous pouvons le faire en 24h\u00a0\u00bb Vous avez optez pour la formule pro \u00e0 99,90 \u20ac TTC (83,25 HT\u20ac) Pour un service optimal, apr\u00e8s avoir renseign\u00e9 votre adresse mail \u00e0 l\u2019\u00e9tape 1 accessible ci\u00a0dessous : Nous vous recommandons de nous fournir l\u2019acc\u00e8s \u00e0 votre extranet de copropri\u00e9t\u00e9 OU Vous pouvez t\u00e9l\u00e9charger les documents [&hellip;]\" \/>\n<meta property=\"og:url\" content=\"https:\/\/comptfait.fr\/index.php\/nous-pouvons-le-faire\/\" \/>\n<meta property=\"og:site_name\" content=\"Compt&#039;fait\" \/>\n<meta property=\"article:modified_time\" content=\"2025-10-07T16:30:02+00:00\" \/>\n<meta name=\"twitter:card\" content=\"summary_large_image\" \/>\n<meta name=\"twitter:label1\" content=\"Dur\u00e9e de lecture estim\u00e9e\" \/>\n\t<meta name=\"twitter:data1\" content=\"1 minute\" \/>\n<script type=\"application\/ld+json\" class=\"yoast-schema-graph\">{\"@context\":\"https:\\\/\\\/schema.org\",\"@graph\":[{\"@type\":\"WebPage\",\"@id\":\"https:\\\/\\\/comptfait.fr\\\/index.php\\\/nous-pouvons-le-faire\\\/\",\"url\":\"https:\\\/\\\/comptfait.fr\\\/index.php\\\/nous-pouvons-le-faire\\\/\",\"name\":\"Nous pouvons le faire - Compt&#039;fait\",\"isPartOf\":{\"@id\":\"https:\\\/\\\/comptfait.fr\\\/#website\"},\"datePublished\":\"2023-12-14T12:19:48+00:00\",\"dateModified\":\"2025-10-07T16:30:02+00:00\",\"breadcrumb\":{\"@id\":\"https:\\\/\\\/comptfait.fr\\\/index.php\\\/nous-pouvons-le-faire\\\/#breadcrumb\"},\"inLanguage\":\"fr-FR\",\"potentialAction\":[{\"@type\":\"ReadAction\",\"target\":[\"https:\\\/\\\/comptfait.fr\\\/index.php\\\/nous-pouvons-le-faire\\\/\"]}]},{\"@type\":\"BreadcrumbList\",\"@id\":\"https:\\\/\\\/comptfait.fr\\\/index.php\\\/nous-pouvons-le-faire\\\/#breadcrumb\",\"itemListElement\":[{\"@type\":\"ListItem\",\"position\":1,\"name\":\"Accueil\",\"item\":\"https:\\\/\\\/comptfait.fr\\\/\"},{\"@type\":\"ListItem\",\"position\":2,\"name\":\"Nous pouvons le faire\"}]},{\"@type\":\"WebSite\",\"@id\":\"https:\\\/\\\/comptfait.fr\\\/#website\",\"url\":\"https:\\\/\\\/comptfait.fr\\\/\",\"name\":\"Compt&#039;fait\",\"description\":\"La comptabilit\u00e9 de l&#039;immobilier\",\"publisher\":{\"@id\":\"https:\\\/\\\/comptfait.fr\\\/#organization\"},\"potentialAction\":[{\"@type\":\"SearchAction\",\"target\":{\"@type\":\"EntryPoint\",\"urlTemplate\":\"https:\\\/\\\/comptfait.fr\\\/?s={search_term_string}\"},\"query-input\":{\"@type\":\"PropertyValueSpecification\",\"valueRequired\":true,\"valueName\":\"search_term_string\"}}],\"inLanguage\":\"fr-FR\"},{\"@type\":\"Organization\",\"@id\":\"https:\\\/\\\/comptfait.fr\\\/#organization\",\"name\":\"Compt&#039;fait\",\"url\":\"https:\\\/\\\/comptfait.fr\\\/\",\"logo\":{\"@type\":\"ImageObject\",\"inLanguage\":\"fr-FR\",\"@id\":\"https:\\\/\\\/comptfait.fr\\\/#\\\/schema\\\/logo\\\/image\\\/\",\"url\":\"https:\\\/\\\/comptfait.fr\\\/wp-content\\\/uploads\\\/2023\\\/12\\\/Copie-de-Copie-de-v3-comptFAIT-rectangle-transparant-2.png\",\"contentUrl\":\"https:\\\/\\\/comptfait.fr\\\/wp-content\\\/uploads\\\/2023\\\/12\\\/Copie-de-Copie-de-v3-comptFAIT-rectangle-transparant-2.png\",\"width\":700,\"height\":500,\"caption\":\"Compt&#039;fait\"},\"image\":{\"@id\":\"https:\\\/\\\/comptfait.fr\\\/#\\\/schema\\\/logo\\\/image\\\/\"}}]}<\/script>\n<!-- \/ Yoast SEO plugin. -->","yoast_head_json":{"title":"Nous pouvons le faire - Compt&#039;fait","robots":{"index":"index","follow":"follow","max-snippet":"max-snippet:-1","max-image-preview":"max-image-preview:large","max-video-preview":"max-video-preview:-1"},"canonical":"https:\/\/comptfait.fr\/index.php\/nous-pouvons-le-faire\/","og_locale":"fr_FR","og_type":"article","og_title":"Nous pouvons le faire - Compt&#039;fait","og_description":"Formule Pro \u00ab\u00a0Nous pouvons le faire en 24h\u00a0\u00bb Vous avez optez pour la formule pro \u00e0 99,90 \u20ac TTC (83,25 HT\u20ac) Pour un service optimal, apr\u00e8s avoir renseign\u00e9 votre adresse mail \u00e0 l\u2019\u00e9tape 1 accessible ci\u00a0dessous : Nous vous recommandons de nous fournir l\u2019acc\u00e8s \u00e0 votre extranet de copropri\u00e9t\u00e9 OU Vous pouvez t\u00e9l\u00e9charger les documents [&hellip;]","og_url":"https:\/\/comptfait.fr\/index.php\/nous-pouvons-le-faire\/","og_site_name":"Compt&#039;fait","article_modified_time":"2025-10-07T16:30:02+00:00","twitter_card":"summary_large_image","twitter_misc":{"Dur\u00e9e de lecture estim\u00e9e":"1 minute"},"schema":{"@context":"https:\/\/schema.org","@graph":[{"@type":"WebPage","@id":"https:\/\/comptfait.fr\/index.php\/nous-pouvons-le-faire\/","url":"https:\/\/comptfait.fr\/index.php\/nous-pouvons-le-faire\/","name":"Nous pouvons le faire - Compt&#039;fait","isPartOf":{"@id":"https:\/\/comptfait.fr\/#website"},"datePublished":"2023-12-14T12:19:48+00:00","dateModified":"2025-10-07T16:30:02+00:00","breadcrumb":{"@id":"https:\/\/comptfait.fr\/index.php\/nous-pouvons-le-faire\/#breadcrumb"},"inLanguage":"fr-FR","potentialAction":[{"@type":"ReadAction","target":["https:\/\/comptfait.fr\/index.php\/nous-pouvons-le-faire\/"]}]},{"@type":"BreadcrumbList","@id":"https:\/\/comptfait.fr\/index.php\/nous-pouvons-le-faire\/#breadcrumb","itemListElement":[{"@type":"ListItem","position":1,"name":"Accueil","item":"https:\/\/comptfait.fr\/"},{"@type":"ListItem","position":2,"name":"Nous pouvons le faire"}]},{"@type":"WebSite","@id":"https:\/\/comptfait.fr\/#website","url":"https:\/\/comptfait.fr\/","name":"Compt&#039;fait","description":"La comptabilit\u00e9 de l&#039;immobilier","publisher":{"@id":"https:\/\/comptfait.fr\/#organization"},"potentialAction":[{"@type":"SearchAction","target":{"@type":"EntryPoint","urlTemplate":"https:\/\/comptfait.fr\/?s={search_term_string}"},"query-input":{"@type":"PropertyValueSpecification","valueRequired":true,"valueName":"search_term_string"}}],"inLanguage":"fr-FR"},{"@type":"Organization","@id":"https:\/\/comptfait.fr\/#organization","name":"Compt&#039;fait","url":"https:\/\/comptfait.fr\/","logo":{"@type":"ImageObject","inLanguage":"fr-FR","@id":"https:\/\/comptfait.fr\/#\/schema\/logo\/image\/","url":"https:\/\/comptfait.fr\/wp-content\/uploads\/2023\/12\/Copie-de-Copie-de-v3-comptFAIT-rectangle-transparant-2.png","contentUrl":"https:\/\/comptfait.fr\/wp-content\/uploads\/2023\/12\/Copie-de-Copie-de-v3-comptFAIT-rectangle-transparant-2.png","width":700,"height":500,"caption":"Compt&#039;fait"},"image":{"@id":"https:\/\/comptfait.fr\/#\/schema\/logo\/image\/"}}]}},"_links":{"self":[{"href":"https:\/\/comptfait.fr\/index.php\/wp-json\/wp\/v2\/pages\/1061","targetHints":{"allow":["GET"]}}],"collection":[{"href":"https:\/\/comptfait.fr\/index.php\/wp-json\/wp\/v2\/pages"}],"about":[{"href":"https:\/\/comptfait.fr\/index.php\/wp-json\/wp\/v2\/types\/page"}],"author":[{"embeddable":true,"href":"https:\/\/comptfait.fr\/index.php\/wp-json\/wp\/v2\/users\/3"}],"replies":[{"embeddable":true,"href":"https:\/\/comptfait.fr\/index.php\/wp-json\/wp\/v2\/comments?post=1061"}],"version-history":[{"count":64,"href":"https:\/\/comptfait.fr\/index.php\/wp-json\/wp\/v2\/pages\/1061\/revisions"}],"predecessor-version":[{"id":2533,"href":"https:\/\/comptfait.fr\/index.php\/wp-json\/wp\/v2\/pages\/1061\/revisions\/2533"}],"wp:attachment":[{"href":"https:\/\/comptfait.fr\/index.php\/wp-json\/wp\/v2\/media?parent=1061"}],"curies":[{"name":"wp","href":"https:\/\/api.w.org\/{rel}","templated":true}]}}